{"id":27149,"date":"2025-08-28T14:37:34","date_gmt":"2025-08-28T14:37:34","guid":{"rendered":"https:\/\/karmetsanmetal.com\/?page_id=27149"},"modified":"2025-08-29T09:13:26","modified_gmt":"2025-08-29T09:13:26","slug":"mersin-yayli-surgu","status":"publish","type":"page","link":"https:\/\/karmetsanmetal.com\/index.php\/mersin-yayli-surgu\/","title":{"rendered":"Yayl\u0131 S\u00fcrg\u00fc"},"content":{"rendered":"\t\t<div data-elementor-type=\"wp-page\" data-elementor-id=\"27149\" class=\"elementor elementor-27149\">\n\t\t\t\t\t\t<section class=\"wd-negative-gap elementor-section elementor-top-section elementor-element elementor-element-3e04386b wd-section-stretch elementor-section-content-middle elementor-section-boxed elementor-section-height-default elementor-section-height-default\" data-id=\"3e04386b\" data-element_type=\"section\" data-settings=\"{&quot;background_background&quot;:&quot;classic&quot;}\">\n\t\t\t\t\t\t\t<div class=\"elementor-background-overlay\"><\/div>\n\t\t\t\t\t\t\t<div class=\"elementor-container elementor-column-gap-no\">\n\t\t\t\t\t<div class=\"elementor-column elementor-col-50 elementor-top-column elementor-element elementor-element-3979c661\" data-id=\"3979c661\" data-element_type=\"column\" data-settings=\"{&quot;background_background&quot;:&quot;classic&quot;}\">\n\t\t\t<div class=\"elementor-widget-wrap elementor-element-populated\">\n\t\t\t\t\t\t<section class=\"wd-negative-gap elementor-section elementor-inner-section elementor-element elementor-element-424b6124 elementor-section-boxed elementor-section-height-default elementor-section-height-default\" data-id=\"424b6124\" data-element_type=\"section\" data-settings=\"{&quot;background_background&quot;:&quot;classic&quot;}\">\n\t\t\t\t\t\t<div class=\"elementor-container elementor-column-gap-default\">\n\t\t\t\t\t<div class=\"elementor-column elementor-col-100 elementor-inner-column elementor-element elementor-element-5a6508e9\" data-id=\"5a6508e9\" data-element_type=\"column\">\n\t\t\t<div class=\"elementor-widget-wrap elementor-element-populated\">\n\t\t\t\t\t\t<div class=\"elementor-element elementor-element-345d8b45 wd-width-100 elementor-widget elementor-widget-wd_title\" data-id=\"345d8b45\" data-element_type=\"widget\" data-widget_type=\"wd_title.default\">\n\t\t\t\t<div class=\"elementor-widget-container\">\n\t\t\t\t\t\t\t<div class=\"title-wrapper set-mb-s reset-last-child wd-title-color-default wd-title-style-default wd-title-size-default text-left\">\n\n\t\t\t\n\t\t\t<div class=\"liner-continer\">\n\t\t\t\t<h4 class=\"woodmart-title-container title wd-fontsize-l\">Yayl\u0131 S\u00fcrg\u00fc<\/h4> \n\t\t\t\t\t\t\t<\/div>\n\n\t\t\t\t\t<\/div>\n\t\t\t\t\t\t<\/div>\n\t\t\t\t<\/div>\n\t\t\t\t<div class=\"elementor-element elementor-element-3d7a8449 elementor-widget elementor-widget-wd_text_block\" data-id=\"3d7a8449\" data-element_type=\"widget\" data-widget_type=\"wd_text_block.default\">\n\t\t\t\t<div class=\"elementor-widget-container\">\n\t\t\t\t\t\t\t<div class=\"wd-text-block reset-last-child text-left\">\n\t\t\t\n\t\t\t<p data-start=\"73\" data-end=\"364\">Yayl\u0131 s\u00fcrg\u00fc, \u00f6zellikle kap\u0131 ve pencere sistemlerinde g\u00fcvenli\u011fi art\u0131rmak ve kullan\u0131m kolayl\u0131\u011f\u0131 sa\u011flamak i\u00e7in tercih edilen bir mekanizmad\u0131r. \u0130\u00e7erisinde bulunan yay sayesinde kap\u0131 kapand\u0131\u011f\u0131nda s\u00fcrg\u00fc otomatik olarak yerine oturur ve kilitleme i\u015flemini ger\u00e7ekle\u015ftirir.<\/p><p data-start=\"366\" data-end=\"384\"><strong data-start=\"366\" data-end=\"382\">Avantajlar\u0131:<\/strong><\/p><ul data-start=\"385\" data-end=\"810\"><li data-start=\"385\" data-end=\"509\"><p data-start=\"387\" data-end=\"509\"><strong data-start=\"387\" data-end=\"407\">Pratik Kullan\u0131m:<\/strong> Elle s\u00fcrekli kilitleme ihtiyac\u0131n\u0131 ortadan kald\u0131r\u0131r, kap\u0131 kapand\u0131\u011f\u0131nda s\u00fcrg\u00fc otomatik devreye girer.<\/p><\/li><li data-start=\"510\" data-end=\"609\"><p data-start=\"512\" data-end=\"609\"><strong data-start=\"512\" data-end=\"525\">G\u00fcvenlik:<\/strong> Kap\u0131lar\u0131n ve pencerelerin d\u0131\u015far\u0131dan a\u00e7\u0131lmas\u0131n\u0131 engelleyerek ekstra koruma sa\u011flar.<\/p><\/li><li data-start=\"610\" data-end=\"705\"><p data-start=\"612\" data-end=\"705\"><strong data-start=\"612\" data-end=\"629\">Dayan\u0131kl\u0131l\u0131k:<\/strong> Uzun \u00f6m\u00fcrl\u00fc yay sistemi sayesinde yo\u011fun kullan\u0131mda bile sorunsuz \u00e7al\u0131\u015f\u0131r.<\/p><\/li><li data-start=\"706\" data-end=\"810\"><p data-start=\"708\" data-end=\"810\"><strong data-start=\"708\" data-end=\"737\">Farkl\u0131 Alanlara Uygunluk:<\/strong> Ev, i\u015f yeri, depo, garaj gibi bir\u00e7ok alanda rahatl\u0131kla kullan\u0131labilir.<\/p><\/li><\/ul>\n\t\t\t\t\t<\/div>\n\t\t\t\t\t\t<\/div>\n\t\t\t\t<\/div>\n\t\t\t\t\t<\/div>\n\t\t<\/div>\n\t\t\t\t\t<\/div>\n\t\t<\/section>\n\t\t\t\t\t<\/div>\n\t\t<\/div>\n\t\t\t\t<div class=\"elementor-column elementor-col-50 elementor-top-column elementor-element elementor-element-591c5ada\" data-id=\"591c5ada\" data-element_type=\"column\">\n\t\t\t<div class=\"elementor-widget-wrap elementor-element-populated\">\n\t\t\t\t\t\t<div class=\"elementor-element elementor-element-2fe70d2a elementor-widget elementor-widget-wd_image_or_svg\" data-id=\"2fe70d2a\" data-element_type=\"widget\" data-widget_type=\"wd_image_or_svg.default\">\n\t\t\t\t<div class=\"elementor-widget-container\">\n\t\t\t\t\t\n\t\t<div class=\"wd-image text-center\">\n\t\t\t\t\t\t\t\t<img fetchpriority=\"high\" decoding=\"async\" width=\"580\" height=\"500\" src=\"https:\/\/karmetsanmetal.com\/wp-content\/uploads\/2025\/08\/Adsiz-tasarim-2025-08-29T121305.292.png\" class=\"attachment-full size-full\" alt=\"\" srcset=\"https:\/\/karmetsanmetal.com\/wp-content\/uploads\/2025\/08\/Adsiz-tasarim-2025-08-29T121305.292.png 580w, https:\/\/karmetsanmetal.com\/wp-content\/uploads\/2025\/08\/Adsiz-tasarim-2025-08-29T121305.292-348x300.png 348w, https:\/\/karmetsanmetal.com\/wp-content\/uploads\/2025\/08\/Adsiz-tasarim-2025-08-29T121305.292-430x371.png 430w, https:\/\/karmetsanmetal.com\/wp-content\/uploads\/2025\/08\/Adsiz-tasarim-2025-08-29T121305.292-150x129.png 150w\" sizes=\"(max-width: 580px) 100vw, 580px\" \/>\t\t\t\t\t<\/div>\n\n\t\t\t\t\t\t<\/div>\n\t\t\t\t<\/div>\n\t\t\t\t\t<\/div>\n\t\t<\/div>\n\t\t\t\t\t<\/div>\n\t\t<\/section>\n\t\t\t\t<\/div>\n\t\t","protected":false},"excerpt":{"rendered":"<p>Yayl\u0131 S\u00fcrg\u00fc Yayl\u0131 s\u00fcrg\u00fc, \u00f6zellikle kap\u0131 ve pencere sistemlerinde g\u00fcvenli\u011fi art\u0131rmak ve kullan\u0131m kolayl\u0131\u011f\u0131 sa\u011flamak i\u00e7in tercih edilen bir mekanizmad\u0131r.<\/p>\n","protected":false},"author":1,"featured_media":0,"parent":0,"menu_order":0,"comment_status":"closed","ping_status":"closed","template":"","meta":{"footnotes":""},"class_list":["post-27149","page","type-page","status-publish","hentry"],"_links":{"self":[{"href":"https:\/\/karmetsanmetal.com\/index.php\/wp-json\/wp\/v2\/pages\/27149","targetHints":{"allow":["GET"]}}],"collection":[{"href":"https:\/\/karmetsanmetal.com\/index.php\/wp-json\/wp\/v2\/pages"}],"about":[{"href":"https:\/\/karmetsanmetal.com\/index.php\/wp-json\/wp\/v2\/types\/page"}],"author":[{"embeddable":true,"href":"https:\/\/karmetsanmetal.com\/index.php\/wp-json\/wp\/v2\/users\/1"}],"replies":[{"embeddable":true,"href":"https:\/\/karmetsanmetal.com\/index.php\/wp-json\/wp\/v2\/comments?post=27149"}],"version-history":[{"count":5,"href":"https:\/\/karmetsanmetal.com\/index.php\/wp-json\/wp\/v2\/pages\/27149\/revisions"}],"predecessor-version":[{"id":27165,"href":"https:\/\/karmetsanmetal.com\/index.php\/wp-json\/wp\/v2\/pages\/27149\/revisions\/27165"}],"wp:attachment":[{"href":"https:\/\/karmetsanmetal.com\/index.php\/wp-json\/wp\/v2\/media?parent=27149"}],"curies":[{"name":"wp","href":"https:\/\/api.w.org\/{rel}","templated":true}]}}