{"id":27166,"date":"2025-08-29T09:14:28","date_gmt":"2025-08-29T09:14:28","guid":{"rendered":"https:\/\/karmetsanmetal.com\/?page_id=27166"},"modified":"2025-08-29T09:16:30","modified_gmt":"2025-08-29T09:16:30","slug":"kepli-yay-makarasi","status":"publish","type":"page","link":"https:\/\/karmetsanmetal.com\/index.php\/kepli-yay-makarasi\/","title":{"rendered":"Kepli Yay Makaras\u0131"},"content":{"rendered":"\t\t<div data-elementor-type=\"wp-page\" data-elementor-id=\"27166\" class=\"elementor elementor-27166\">\n\t\t\t\t\t\t<section class=\"wd-negative-gap elementor-section elementor-top-section elementor-element elementor-element-5d91d802 wd-section-stretch elementor-section-content-middle elementor-section-boxed elementor-section-height-default elementor-section-height-default\" data-id=\"5d91d802\" data-element_type=\"section\" data-settings=\"{&quot;background_background&quot;:&quot;classic&quot;}\">\n\t\t\t\t\t\t\t<div class=\"elementor-background-overlay\"><\/div>\n\t\t\t\t\t\t\t<div class=\"elementor-container elementor-column-gap-no\">\n\t\t\t\t\t<div class=\"elementor-column elementor-col-50 elementor-top-column elementor-element elementor-element-4cde0b6a\" data-id=\"4cde0b6a\" data-element_type=\"column\" data-settings=\"{&quot;background_background&quot;:&quot;classic&quot;}\">\n\t\t\t<div class=\"elementor-widget-wrap elementor-element-populated\">\n\t\t\t\t\t\t<section class=\"wd-negative-gap elementor-section elementor-inner-section elementor-element elementor-element-aa57a8f elementor-section-boxed elementor-section-height-default elementor-section-height-default\" data-id=\"aa57a8f\" data-element_type=\"section\" data-settings=\"{&quot;background_background&quot;:&quot;classic&quot;}\">\n\t\t\t\t\t\t<div class=\"elementor-container elementor-column-gap-default\">\n\t\t\t\t\t<div class=\"elementor-column elementor-col-100 elementor-inner-column elementor-element elementor-element-226dd73f\" data-id=\"226dd73f\" data-element_type=\"column\">\n\t\t\t<div class=\"elementor-widget-wrap elementor-element-populated\">\n\t\t\t\t\t\t<div class=\"elementor-element elementor-element-55f13d4 wd-width-100 elementor-widget elementor-widget-wd_title\" data-id=\"55f13d4\" data-element_type=\"widget\" data-widget_type=\"wd_title.default\">\n\t\t\t\t<div class=\"elementor-widget-container\">\n\t\t\t\t\t\t\t<div class=\"title-wrapper set-mb-s reset-last-child wd-title-color-default wd-title-style-default wd-title-size-default text-left\">\n\n\t\t\t\n\t\t\t<div class=\"liner-continer\">\n\t\t\t\t<h4 class=\"woodmart-title-container title wd-fontsize-l\">Kepli Yay Makaras\u0131<\/h4> \n\t\t\t\t\t\t\t<\/div>\n\n\t\t\t\t\t<\/div>\n\t\t\t\t\t\t<\/div>\n\t\t\t\t<\/div>\n\t\t\t\t<div class=\"elementor-element elementor-element-76cfc480 elementor-widget elementor-widget-wd_text_block\" data-id=\"76cfc480\" data-element_type=\"widget\" data-widget_type=\"wd_text_block.default\">\n\t\t\t\t<div class=\"elementor-widget-container\">\n\t\t\t\t\t\t\t<div class=\"wd-text-block reset-last-child text-left\">\n\t\t\t\n\t\t\t<p data-start=\"112\" data-end=\"363\">Kepli yay makaralar\u0131, kap\u0131, pencere ve \u00e7e\u015fitli mekanizmalarda s\u00fcrg\u00fc sistemlerinin daha g\u00fcvenli ve verimli \u00e7al\u0131\u015fmas\u0131n\u0131 sa\u011flayan \u00f6zel par\u00e7alard\u0131r. \u00dczerinde bulunan <strong data-start=\"274\" data-end=\"289\">kapak (kep)<\/strong> yap\u0131s\u0131 sayesinde yay sistemi korunur ve uzun \u00f6m\u00fcrl\u00fc bir kullan\u0131m sunar.<\/p><h3 data-start=\"365\" data-end=\"397\"><strong data-start=\"369\" data-end=\"395\">\u00d6ne \u00c7\u0131kan \u00d6zellikleri:<\/strong><\/h3><ul data-start=\"398\" data-end=\"814\"><li data-start=\"398\" data-end=\"498\"><p data-start=\"400\" data-end=\"498\"><strong data-start=\"400\" data-end=\"417\">Dayan\u0131kl\u0131l\u0131k:<\/strong> Kep sayesinde yay ve makara d\u0131\u015f etkenlerden korunur, deformasyon riski azal\u0131r.<\/p><\/li><li data-start=\"499\" data-end=\"617\"><p data-start=\"501\" data-end=\"617\"><strong data-start=\"501\" data-end=\"522\">G\u00fcvenli Kullan\u0131m:<\/strong> Sistem i\u00e7erisindeki yay mekanizmas\u0131n\u0131n sabit kalmas\u0131n\u0131 sa\u011flayarak g\u00fcvenli bir \u00e7al\u0131\u015fma sunar.<\/p><\/li><li data-start=\"618\" data-end=\"701\"><p data-start=\"620\" data-end=\"701\"><strong data-start=\"620\" data-end=\"637\">Kolay Montaj:<\/strong> Standart \u00f6l\u00e7\u00fclerde \u00fcretildi\u011fi i\u00e7in montaj\u0131 olduk\u00e7a pratiktir.<\/p><\/li><li data-start=\"702\" data-end=\"814\"><p data-start=\"704\" data-end=\"814\"><strong data-start=\"704\" data-end=\"726\">Uzun \u00d6m\u00fcrl\u00fc \u00c7\u00f6z\u00fcm:<\/strong> Kep yap\u0131s\u0131, mekanizmay\u0131 toz, kir ve darbelere kar\u015f\u0131 koruyarak kullan\u0131m \u00f6mr\u00fcn\u00fc uzat\u0131r.<\/p><\/li><\/ul>\n\t\t\t\t\t<\/div>\n\t\t\t\t\t\t<\/div>\n\t\t\t\t<\/div>\n\t\t\t\t\t<\/div>\n\t\t<\/div>\n\t\t\t\t\t<\/div>\n\t\t<\/section>\n\t\t\t\t\t<\/div>\n\t\t<\/div>\n\t\t\t\t<div class=\"elementor-column elementor-col-50 elementor-top-column elementor-element elementor-element-2be248f2\" data-id=\"2be248f2\" data-element_type=\"column\">\n\t\t\t<div class=\"elementor-widget-wrap elementor-element-populated\">\n\t\t\t\t\t\t<div class=\"elementor-element elementor-element-2fa930bc elementor-widget elementor-widget-wd_image_or_svg\" data-id=\"2fa930bc\" data-element_type=\"widget\" data-widget_type=\"wd_image_or_svg.default\">\n\t\t\t\t<div class=\"elementor-widget-container\">\n\t\t\t\t\t\n\t\t<div class=\"wd-image text-center\">\n\t\t\t\t\t\t\t\t<img fetchpriority=\"high\" decoding=\"async\" width=\"580\" height=\"500\" src=\"https:\/\/karmetsanmetal.com\/wp-content\/uploads\/2025\/08\/Adsiz-tasarim-2025-08-29T121616.017.png\" class=\"attachment-full size-full\" alt=\"\" srcset=\"https:\/\/karmetsanmetal.com\/wp-content\/uploads\/2025\/08\/Adsiz-tasarim-2025-08-29T121616.017.png 580w, https:\/\/karmetsanmetal.com\/wp-content\/uploads\/2025\/08\/Adsiz-tasarim-2025-08-29T121616.017-348x300.png 348w, https:\/\/karmetsanmetal.com\/wp-content\/uploads\/2025\/08\/Adsiz-tasarim-2025-08-29T121616.017-430x371.png 430w, https:\/\/karmetsanmetal.com\/wp-content\/uploads\/2025\/08\/Adsiz-tasarim-2025-08-29T121616.017-150x129.png 150w\" sizes=\"(max-width: 580px) 100vw, 580px\" \/>\t\t\t\t\t<\/div>\n\n\t\t\t\t\t\t<\/div>\n\t\t\t\t<\/div>\n\t\t\t\t\t<\/div>\n\t\t<\/div>\n\t\t\t\t\t<\/div>\n\t\t<\/section>\n\t\t\t\t<\/div>\n\t\t","protected":false},"excerpt":{"rendered":"<p>Kepli Yay Makaras\u0131 Kepli yay makaralar\u0131, kap\u0131, pencere ve \u00e7e\u015fitli mekanizmalarda s\u00fcrg\u00fc sistemlerinin daha g\u00fcvenli ve verimli \u00e7al\u0131\u015fmas\u0131n\u0131 sa\u011flayan \u00f6zel<\/p>\n","protected":false},"author":1,"featured_media":0,"parent":0,"menu_order":0,"comment_status":"closed","ping_status":"closed","template":"","meta":{"footnotes":""},"class_list":["post-27166","page","type-page","status-publish","hentry"],"_links":{"self":[{"href":"https:\/\/karmetsanmetal.com\/index.php\/wp-json\/wp\/v2\/pages\/27166","targetHints":{"allow":["GET"]}}],"collection":[{"href":"https:\/\/karmetsanmetal.com\/index.php\/wp-json\/wp\/v2\/pages"}],"about":[{"href":"https:\/\/karmetsanmetal.com\/index.php\/wp-json\/wp\/v2\/types\/page"}],"author":[{"embeddable":true,"href":"https:\/\/karmetsanmetal.com\/index.php\/wp-json\/wp\/v2\/users\/1"}],"replies":[{"embeddable":true,"href":"https:\/\/karmetsanmetal.com\/index.php\/wp-json\/wp\/v2\/comments?post=27166"}],"version-history":[{"count":4,"href":"https:\/\/karmetsanmetal.com\/index.php\/wp-json\/wp\/v2\/pages\/27166\/revisions"}],"predecessor-version":[{"id":27172,"href":"https:\/\/karmetsanmetal.com\/index.php\/wp-json\/wp\/v2\/pages\/27166\/revisions\/27172"}],"wp:attachment":[{"href":"https:\/\/karmetsanmetal.com\/index.php\/wp-json\/wp\/v2\/media?parent=27166"}],"curies":[{"name":"wp","href":"https:\/\/api.w.org\/{rel}","templated":true}]}}