{"id":27173,"date":"2025-08-29T09:17:29","date_gmt":"2025-08-29T09:17:29","guid":{"rendered":"https:\/\/karmetsanmetal.com\/?page_id=27173"},"modified":"2025-08-29T09:21:21","modified_gmt":"2025-08-29T09:21:21","slug":"pvc-ve-metal-denge-makaralari","status":"publish","type":"page","link":"https:\/\/karmetsanmetal.com\/index.php\/pvc-ve-metal-denge-makaralari\/","title":{"rendered":"Pvc Ve Metal Denge Makaralar\u0131"},"content":{"rendered":"\t\t<div data-elementor-type=\"wp-page\" data-elementor-id=\"27173\" class=\"elementor elementor-27173\">\n\t\t\t\t\t\t<section class=\"wd-negative-gap elementor-section elementor-top-section elementor-element elementor-element-78d9e345 wd-section-stretch elementor-section-content-middle elementor-section-boxed elementor-section-height-default elementor-section-height-default\" data-id=\"78d9e345\" data-element_type=\"section\" data-settings=\"{&quot;background_background&quot;:&quot;classic&quot;}\">\n\t\t\t\t\t\t\t<div class=\"elementor-background-overlay\"><\/div>\n\t\t\t\t\t\t\t<div class=\"elementor-container elementor-column-gap-no\">\n\t\t\t\t\t<div class=\"elementor-column elementor-col-50 elementor-top-column elementor-element elementor-element-476451de\" data-id=\"476451de\" data-element_type=\"column\" data-settings=\"{&quot;background_background&quot;:&quot;classic&quot;}\">\n\t\t\t<div class=\"elementor-widget-wrap elementor-element-populated\">\n\t\t\t\t\t\t<section class=\"wd-negative-gap elementor-section elementor-inner-section elementor-element elementor-element-2b40566 elementor-section-boxed elementor-section-height-default elementor-section-height-default\" data-id=\"2b40566\" data-element_type=\"section\" data-settings=\"{&quot;background_background&quot;:&quot;classic&quot;}\">\n\t\t\t\t\t\t<div class=\"elementor-container elementor-column-gap-default\">\n\t\t\t\t\t<div class=\"elementor-column elementor-col-100 elementor-inner-column elementor-element elementor-element-7311c8f0\" data-id=\"7311c8f0\" data-element_type=\"column\">\n\t\t\t<div class=\"elementor-widget-wrap elementor-element-populated\">\n\t\t\t\t\t\t<div class=\"elementor-element elementor-element-60560171 wd-width-100 elementor-widget elementor-widget-wd_title\" data-id=\"60560171\" data-element_type=\"widget\" data-widget_type=\"wd_title.default\">\n\t\t\t\t<div class=\"elementor-widget-container\">\n\t\t\t\t\t\t\t<div class=\"title-wrapper set-mb-s reset-last-child wd-title-color-default wd-title-style-default wd-title-size-default text-left\">\n\n\t\t\t\n\t\t\t<div class=\"liner-continer\">\n\t\t\t\t<h4 class=\"woodmart-title-container title wd-fontsize-l\"> Pvc Ve Metal Denge Makaralar\u0131<\/h4> \n\t\t\t\t\t\t\t<\/div>\n\n\t\t\t\t\t<\/div>\n\t\t\t\t\t\t<\/div>\n\t\t\t\t<\/div>\n\t\t\t\t<div class=\"elementor-element elementor-element-5918be51 elementor-widget elementor-widget-wd_text_block\" data-id=\"5918be51\" data-element_type=\"widget\" data-widget_type=\"wd_text_block.default\">\n\t\t\t\t<div class=\"elementor-widget-container\">\n\t\t\t\t\t\t\t<div class=\"wd-text-block reset-last-child text-left\">\n\t\t\t\n\t\t\t<p data-start=\"134\" data-end=\"428\">Denge makaralar\u0131, \u00f6zellikle kap\u0131 ve pencere sistemlerinde dengeyi sa\u011flamak, s\u00fcrg\u00fc ve kanatlar\u0131n rahat hareket etmesini desteklemek i\u00e7in kullan\u0131lan \u00f6nemli aksamlard\u0131r. <strong data-start=\"301\" data-end=\"357\">PVC ve metal malzemelerden \u00fcretilen denge makaralar\u0131<\/strong>, farkl\u0131 ihtiya\u00e7lara ve kullan\u0131m alanlar\u0131na g\u00f6re \u00e7e\u015fitlilik g\u00f6sterir.<\/p><h3 data-start=\"430\" data-end=\"460\"><strong data-start=\"434\" data-end=\"458\">PVC Denge Makaralar\u0131<\/strong><\/h3><ul data-start=\"461\" data-end=\"692\"><li data-start=\"461\" data-end=\"510\"><p data-start=\"463\" data-end=\"510\">Hafif yap\u0131s\u0131 sayesinde pratik kullan\u0131m sunar.<\/p><\/li><li data-start=\"511\" data-end=\"593\"><p data-start=\"513\" data-end=\"593\">Paslanmaz ve neme dayan\u0131kl\u0131 oldu\u011fu i\u00e7in \u00f6zellikle i\u00e7 mekanlarda tercih edilir.<\/p><\/li><li data-start=\"594\" data-end=\"643\"><p data-start=\"596\" data-end=\"643\">Ekonomik ve kolay montaj avantaj\u0131na sahiptir.<\/p><\/li><li data-start=\"644\" data-end=\"692\"><p data-start=\"646\" data-end=\"692\">Sessiz ve ak\u0131c\u0131 \u00e7al\u0131\u015fmas\u0131 ile konfor sa\u011flar.<\/p><\/li><\/ul><h3 data-start=\"694\" data-end=\"726\"><strong data-start=\"698\" data-end=\"724\">Metal Denge Makaralar\u0131<\/strong><\/h3><ul data-start=\"727\" data-end=\"989\"><li data-start=\"727\" data-end=\"776\"><p data-start=\"729\" data-end=\"776\">Sa\u011flam ve dayan\u0131kl\u0131 yap\u0131s\u0131yla uzun \u00f6m\u00fcrl\u00fcd\u00fcr.<\/p><\/li><li data-start=\"777\" data-end=\"839\"><p data-start=\"779\" data-end=\"839\">A\u011f\u0131r kap\u0131 ve pencere sistemlerinde g\u00fcvenle kullan\u0131labilir.<\/p><\/li><li data-start=\"840\" data-end=\"909\"><p data-start=\"842\" data-end=\"909\">Y\u00fcksek mukavemet gerektiren alanlarda sorunsuz performans sa\u011flar.<\/p><\/li><li data-start=\"910\" data-end=\"989\"><p data-start=\"912\" data-end=\"989\">D\u0131\u015f mekan kullan\u0131mlar\u0131na uygundur, darbeye ve yo\u011fun kullan\u0131ma dayan\u0131kl\u0131d\u0131r.<\/p><\/li><\/ul>\n\t\t\t\t\t<\/div>\n\t\t\t\t\t\t<\/div>\n\t\t\t\t<\/div>\n\t\t\t\t\t<\/div>\n\t\t<\/div>\n\t\t\t\t\t<\/div>\n\t\t<\/section>\n\t\t\t\t\t<\/div>\n\t\t<\/div>\n\t\t\t\t<div class=\"elementor-column elementor-col-50 elementor-top-column elementor-element elementor-element-5a18ebe4\" data-id=\"5a18ebe4\" data-element_type=\"column\">\n\t\t\t<div class=\"elementor-widget-wrap elementor-element-populated\">\n\t\t\t\t\t\t<div class=\"elementor-element elementor-element-496913b3 elementor-widget elementor-widget-wd_image_or_svg\" data-id=\"496913b3\" data-element_type=\"widget\" data-widget_type=\"wd_image_or_svg.default\">\n\t\t\t\t<div class=\"elementor-widget-container\">\n\t\t\t\t\t\n\t\t<div class=\"wd-image text-center\">\n\t\t\t\t\t\t\t\t<img fetchpriority=\"high\" decoding=\"async\" width=\"580\" height=\"500\" src=\"https:\/\/karmetsanmetal.com\/wp-content\/uploads\/2025\/08\/Adsiz-tasarim-2025-08-29T121930.175.png\" class=\"attachment-full size-full\" alt=\"\" srcset=\"https:\/\/karmetsanmetal.com\/wp-content\/uploads\/2025\/08\/Adsiz-tasarim-2025-08-29T121930.175.png 580w, https:\/\/karmetsanmetal.com\/wp-content\/uploads\/2025\/08\/Adsiz-tasarim-2025-08-29T121930.175-348x300.png 348w, https:\/\/karmetsanmetal.com\/wp-content\/uploads\/2025\/08\/Adsiz-tasarim-2025-08-29T121930.175-430x371.png 430w, https:\/\/karmetsanmetal.com\/wp-content\/uploads\/2025\/08\/Adsiz-tasarim-2025-08-29T121930.175-150x129.png 150w\" sizes=\"(max-width: 580px) 100vw, 580px\" \/>\t\t\t\t\t<\/div>\n\n\t\t\t\t\t\t<\/div>\n\t\t\t\t<\/div>\n\t\t\t\t\t<\/div>\n\t\t<\/div>\n\t\t\t\t\t<\/div>\n\t\t<\/section>\n\t\t\t\t<\/div>\n\t\t","protected":false},"excerpt":{"rendered":"<p>Pvc Ve Metal Denge Makaralar\u0131 Denge makaralar\u0131, \u00f6zellikle kap\u0131 ve pencere sistemlerinde dengeyi sa\u011flamak, s\u00fcrg\u00fc ve kanatlar\u0131n rahat hareket etmesini<\/p>\n","protected":false},"author":1,"featured_media":0,"parent":0,"menu_order":0,"comment_status":"closed","ping_status":"closed","template":"","meta":{"footnotes":""},"class_list":["post-27173","page","type-page","status-publish","hentry"],"_links":{"self":[{"href":"https:\/\/karmetsanmetal.com\/index.php\/wp-json\/wp\/v2\/pages\/27173","targetHints":{"allow":["GET"]}}],"collection":[{"href":"https:\/\/karmetsanmetal.com\/index.php\/wp-json\/wp\/v2\/pages"}],"about":[{"href":"https:\/\/karmetsanmetal.com\/index.php\/wp-json\/wp\/v2\/types\/page"}],"author":[{"embeddable":true,"href":"https:\/\/karmetsanmetal.com\/index.php\/wp-json\/wp\/v2\/users\/1"}],"replies":[{"embeddable":true,"href":"https:\/\/karmetsanmetal.com\/index.php\/wp-json\/wp\/v2\/comments?post=27173"}],"version-history":[{"count":4,"href":"https:\/\/karmetsanmetal.com\/index.php\/wp-json\/wp\/v2\/pages\/27173\/revisions"}],"predecessor-version":[{"id":27178,"href":"https:\/\/karmetsanmetal.com\/index.php\/wp-json\/wp\/v2\/pages\/27173\/revisions\/27178"}],"wp:attachment":[{"href":"https:\/\/karmetsanmetal.com\/index.php\/wp-json\/wp\/v2\/media?parent=27173"}],"curies":[{"name":"wp","href":"https:\/\/api.w.org\/{rel}","templated":true}]}}