{"id":27179,"date":"2025-08-29T09:23:29","date_gmt":"2025-08-29T09:23:29","guid":{"rendered":"https:\/\/karmetsanmetal.com\/?page_id=27179"},"modified":"2025-09-01T09:47:17","modified_gmt":"2025-09-01T09:47:17","slug":"sarbon-ve-insaat-makaralari","status":"publish","type":"page","link":"https:\/\/karmetsanmetal.com\/index.php\/sarbon-ve-insaat-makaralari\/","title":{"rendered":"\u015earyo Ve \u0130n\u015faat Makaralar\u0131"},"content":{"rendered":"\t\t<div data-elementor-type=\"wp-page\" data-elementor-id=\"27179\" class=\"elementor elementor-27179\">\n\t\t\t\t\t\t<section class=\"wd-negative-gap elementor-section elementor-top-section elementor-element elementor-element-7d3ec3c3 wd-section-stretch elementor-section-content-middle elementor-section-boxed elementor-section-height-default elementor-section-height-default\" data-id=\"7d3ec3c3\" data-element_type=\"section\" data-settings=\"{&quot;background_background&quot;:&quot;classic&quot;}\">\n\t\t\t\t\t\t\t<div class=\"elementor-background-overlay\"><\/div>\n\t\t\t\t\t\t\t<div class=\"elementor-container elementor-column-gap-no\">\n\t\t\t\t\t<div class=\"elementor-column elementor-col-50 elementor-top-column elementor-element elementor-element-3c3a0c07\" data-id=\"3c3a0c07\" data-element_type=\"column\" data-settings=\"{&quot;background_background&quot;:&quot;classic&quot;}\">\n\t\t\t<div class=\"elementor-widget-wrap elementor-element-populated\">\n\t\t\t\t\t\t<section class=\"wd-negative-gap elementor-section elementor-inner-section elementor-element elementor-element-3e5b7e9e elementor-section-boxed elementor-section-height-default elementor-section-height-default\" data-id=\"3e5b7e9e\" data-element_type=\"section\" data-settings=\"{&quot;background_background&quot;:&quot;classic&quot;}\">\n\t\t\t\t\t\t<div class=\"elementor-container elementor-column-gap-default\">\n\t\t\t\t\t<div class=\"elementor-column elementor-col-100 elementor-inner-column elementor-element elementor-element-9c76a3f\" data-id=\"9c76a3f\" data-element_type=\"column\">\n\t\t\t<div class=\"elementor-widget-wrap elementor-element-populated\">\n\t\t\t\t\t\t<div class=\"elementor-element elementor-element-1c8d5f9 wd-width-100 elementor-widget elementor-widget-wd_title\" data-id=\"1c8d5f9\" data-element_type=\"widget\" data-widget_type=\"wd_title.default\">\n\t\t\t\t<div class=\"elementor-widget-container\">\n\t\t\t\t\t\t\t<div class=\"title-wrapper set-mb-s reset-last-child wd-title-color-default wd-title-style-default wd-title-size-default text-left\">\n\n\t\t\t\n\t\t\t<div class=\"liner-continer\">\n\t\t\t\t<h4 class=\"woodmart-title-container title wd-fontsize-l\">\u015earbon Ve \u0130n\u015faat Makaralar\u0131 <\/h4> \n\t\t\t\t\t\t\t<\/div>\n\n\t\t\t\t\t<\/div>\n\t\t\t\t\t\t<\/div>\n\t\t\t\t<\/div>\n\t\t\t\t<div class=\"elementor-element elementor-element-2b791aa8 elementor-widget elementor-widget-wd_text_block\" data-id=\"2b791aa8\" data-element_type=\"widget\" data-widget_type=\"wd_text_block.default\">\n\t\t\t\t<div class=\"elementor-widget-container\">\n\t\t\t\t\t\t\t<div class=\"wd-text-block reset-last-child text-left\">\n\t\t\t\n\t\t\t<p data-start=\"183\" data-end=\"470\">\u015earbon makaralar\u0131, kap\u0131 ve pencere sistemlerinde <strong data-start=\"232\" data-end=\"301\">y\u00fck\u00fcn dengeli da\u011f\u0131lmas\u0131n\u0131 ve kanatlar\u0131n sorunsuz hareket etmesini<\/strong> sa\u011flayan \u00f6zel makaralard\u0131r. Dayan\u0131kl\u0131 yap\u0131s\u0131 sayesinde uzun s\u00fcreli kullan\u0131m imk\u00e2n\u0131 sunar. \u00d6zellikle a\u011f\u0131r kanatl\u0131 PVC ve al\u00fcminyum do\u011frama sistemlerinde tercih edilir.<\/p><ul data-start=\"471\" data-end=\"571\"><li data-start=\"471\" data-end=\"498\"><p data-start=\"473\" data-end=\"498\">Sessiz ve ak\u0131c\u0131 \u00e7al\u0131\u015fma<\/p><\/li><li data-start=\"499\" data-end=\"527\"><p data-start=\"501\" data-end=\"527\">Y\u00fcksek ta\u015f\u0131ma kapasitesi<\/p><\/li><li data-start=\"528\" data-end=\"571\"><p data-start=\"530\" data-end=\"571\">Uzun \u00f6m\u00fcrl\u00fc ve dayan\u0131kl\u0131 malzeme yap\u0131s\u0131<\/p><\/li><\/ul><h3 data-start=\"573\" data-end=\"600\"><strong data-start=\"577\" data-end=\"598\">\u0130n\u015faat Makaralar\u0131<\/strong><\/h3><p data-start=\"601\" data-end=\"779\">\u0130n\u015faat makaralar\u0131 ise ad\u0131ndan da anla\u015f\u0131laca\u011f\u0131 \u00fczere <strong data-start=\"653\" data-end=\"674\">in\u015faat sekt\u00f6r\u00fcnde<\/strong> kullan\u0131lan, a\u011f\u0131r y\u00fcklerin ta\u015f\u0131nmas\u0131nda ve mekanizmalar\u0131n g\u00fcvenli \u00e7al\u0131\u015fmas\u0131nda g\u00f6rev alan makaralard\u0131r.<\/p><ul data-start=\"780\" data-end=\"920\"><li data-start=\"780\" data-end=\"815\"><p data-start=\"782\" data-end=\"815\">Y\u00fcksek mukavemetli metal yap\u0131s\u0131<\/p><\/li><li data-start=\"816\" data-end=\"853\"><p data-start=\"818\" data-end=\"853\">Zorlay\u0131c\u0131 ko\u015fullara uygun tasar\u0131m<\/p><\/li><li data-start=\"854\" data-end=\"920\"><p data-start=\"856\" data-end=\"920\">\u015eantiye, kepenk, kap\u0131 ve \u00e7e\u015fitli ta\u015f\u0131ma sistemlerinde kullan\u0131m<\/p><\/li><\/ul>\n\t\t\t\t\t<\/div>\n\t\t\t\t\t\t<\/div>\n\t\t\t\t<\/div>\n\t\t\t\t\t<\/div>\n\t\t<\/div>\n\t\t\t\t\t<\/div>\n\t\t<\/section>\n\t\t\t\t\t<\/div>\n\t\t<\/div>\n\t\t\t\t<div class=\"elementor-column elementor-col-50 elementor-top-column elementor-element elementor-element-4ac49f70\" data-id=\"4ac49f70\" data-element_type=\"column\">\n\t\t\t<div class=\"elementor-widget-wrap elementor-element-populated\">\n\t\t\t\t\t\t<div class=\"elementor-element elementor-element-6a48a294 elementor-widget elementor-widget-wd_image_or_svg\" data-id=\"6a48a294\" data-element_type=\"widget\" data-widget_type=\"wd_image_or_svg.default\">\n\t\t\t\t<div class=\"elementor-widget-container\">\n\t\t\t\t\t\n\t\t<div class=\"wd-image text-center\">\n\t\t\t\t\t\t\t\t<img fetchpriority=\"high\" decoding=\"async\" width=\"580\" height=\"500\" src=\"https:\/\/karmetsanmetal.com\/wp-content\/uploads\/2025\/08\/Adsiz-tasarim-2025-08-29T122534.214.png\" class=\"attachment-full size-full\" alt=\"\" srcset=\"https:\/\/karmetsanmetal.com\/wp-content\/uploads\/2025\/08\/Adsiz-tasarim-2025-08-29T122534.214.png 580w, https:\/\/karmetsanmetal.com\/wp-content\/uploads\/2025\/08\/Adsiz-tasarim-2025-08-29T122534.214-348x300.png 348w, https:\/\/karmetsanmetal.com\/wp-content\/uploads\/2025\/08\/Adsiz-tasarim-2025-08-29T122534.214-430x371.png 430w, https:\/\/karmetsanmetal.com\/wp-content\/uploads\/2025\/08\/Adsiz-tasarim-2025-08-29T122534.214-150x129.png 150w\" sizes=\"(max-width: 580px) 100vw, 580px\" \/>\t\t\t\t\t<\/div>\n\n\t\t\t\t\t\t<\/div>\n\t\t\t\t<\/div>\n\t\t\t\t\t<\/div>\n\t\t<\/div>\n\t\t\t\t\t<\/div>\n\t\t<\/section>\n\t\t\t\t<\/div>\n\t\t","protected":false},"excerpt":{"rendered":"<p>\u015earbon Ve \u0130n\u015faat Makaralar\u0131 \u015earbon makaralar\u0131, kap\u0131 ve pencere sistemlerinde y\u00fck\u00fcn dengeli da\u011f\u0131lmas\u0131n\u0131 ve kanatlar\u0131n sorunsuz hareket etmesini sa\u011flayan \u00f6zel<\/p>\n","protected":false},"author":1,"featured_media":0,"parent":0,"menu_order":0,"comment_status":"closed","ping_status":"closed","template":"","meta":{"footnotes":""},"class_list":["post-27179","page","type-page","status-publish","hentry"],"_links":{"self":[{"href":"https:\/\/karmetsanmetal.com\/index.php\/wp-json\/wp\/v2\/pages\/27179","targetHints":{"allow":["GET"]}}],"collection":[{"href":"https:\/\/karmetsanmetal.com\/index.php\/wp-json\/wp\/v2\/pages"}],"about":[{"href":"https:\/\/karmetsanmetal.com\/index.php\/wp-json\/wp\/v2\/types\/page"}],"author":[{"embeddable":true,"href":"https:\/\/karmetsanmetal.com\/index.php\/wp-json\/wp\/v2\/users\/1"}],"replies":[{"embeddable":true,"href":"https:\/\/karmetsanmetal.com\/index.php\/wp-json\/wp\/v2\/comments?post=27179"}],"version-history":[{"count":5,"href":"https:\/\/karmetsanmetal.com\/index.php\/wp-json\/wp\/v2\/pages\/27179\/revisions"}],"predecessor-version":[{"id":27213,"href":"https:\/\/karmetsanmetal.com\/index.php\/wp-json\/wp\/v2\/pages\/27179\/revisions\/27213"}],"wp:attachment":[{"href":"https:\/\/karmetsanmetal.com\/index.php\/wp-json\/wp\/v2\/media?parent=27179"}],"curies":[{"name":"wp","href":"https:\/\/api.w.org\/{rel}","templated":true}]}}