{"id":27185,"date":"2025-08-29T09:31:05","date_gmt":"2025-08-29T09:31:05","guid":{"rendered":"https:\/\/karmetsanmetal.com\/?page_id=27185"},"modified":"2025-08-29T09:32:33","modified_gmt":"2025-08-29T09:32:33","slug":"ucan-kapi-makaralari","status":"publish","type":"page","link":"https:\/\/karmetsanmetal.com\/index.php\/ucan-kapi-makaralari\/","title":{"rendered":"U\u00e7an Kap\u0131 Makaralar\u0131"},"content":{"rendered":"\t\t<div data-elementor-type=\"wp-page\" data-elementor-id=\"27185\" class=\"elementor elementor-27185\">\n\t\t\t\t\t\t<section class=\"wd-negative-gap elementor-section elementor-top-section elementor-element elementor-element-36e54013 wd-section-stretch elementor-section-content-middle elementor-section-boxed elementor-section-height-default elementor-section-height-default\" data-id=\"36e54013\" data-element_type=\"section\" data-settings=\"{&quot;background_background&quot;:&quot;classic&quot;}\">\n\t\t\t\t\t\t\t<div class=\"elementor-background-overlay\"><\/div>\n\t\t\t\t\t\t\t<div class=\"elementor-container elementor-column-gap-no\">\n\t\t\t\t\t<div class=\"elementor-column elementor-col-50 elementor-top-column elementor-element elementor-element-5d42ce52\" data-id=\"5d42ce52\" data-element_type=\"column\" data-settings=\"{&quot;background_background&quot;:&quot;classic&quot;}\">\n\t\t\t<div class=\"elementor-widget-wrap elementor-element-populated\">\n\t\t\t\t\t\t<section class=\"wd-negative-gap elementor-section elementor-inner-section elementor-element elementor-element-3edc2f6f elementor-section-boxed elementor-section-height-default elementor-section-height-default\" data-id=\"3edc2f6f\" data-element_type=\"section\" data-settings=\"{&quot;background_background&quot;:&quot;classic&quot;}\">\n\t\t\t\t\t\t<div class=\"elementor-container elementor-column-gap-default\">\n\t\t\t\t\t<div class=\"elementor-column elementor-col-100 elementor-inner-column elementor-element elementor-element-1220c299\" data-id=\"1220c299\" data-element_type=\"column\">\n\t\t\t<div class=\"elementor-widget-wrap elementor-element-populated\">\n\t\t\t\t\t\t<div class=\"elementor-element elementor-element-68929f95 wd-width-100 elementor-widget elementor-widget-wd_title\" data-id=\"68929f95\" data-element_type=\"widget\" data-widget_type=\"wd_title.default\">\n\t\t\t\t<div class=\"elementor-widget-container\">\n\t\t\t\t\t\t\t<div class=\"title-wrapper set-mb-s reset-last-child wd-title-color-default wd-title-style-default wd-title-size-default text-left\">\n\n\t\t\t\n\t\t\t<div class=\"liner-continer\">\n\t\t\t\t<h4 class=\"woodmart-title-container title wd-fontsize-l\">U\u00e7an Kap\u0131 Makaralar\u0131<\/h4> \n\t\t\t\t\t\t\t<\/div>\n\n\t\t\t\t\t<\/div>\n\t\t\t\t\t\t<\/div>\n\t\t\t\t<\/div>\n\t\t\t\t<div class=\"elementor-element elementor-element-7811d48e elementor-widget elementor-widget-wd_text_block\" data-id=\"7811d48e\" data-element_type=\"widget\" data-widget_type=\"wd_text_block.default\">\n\t\t\t\t<div class=\"elementor-widget-container\">\n\t\t\t\t\t\t\t<div class=\"wd-text-block reset-last-child text-left\">\n\t\t\t\n\t\t\t<p data-start=\"122\" data-end=\"396\">U\u00e7an kap\u0131 makaralar\u0131, \u00f6zellikle <strong data-start=\"154\" data-end=\"193\">s\u00fcrg\u00fcl\u00fc ve rayl\u0131 kap\u0131 sistemlerinde<\/strong> kullan\u0131lan, kap\u0131lar\u0131n sessiz, dengeli ve sorunsuz \u015fekilde hareket etmesini sa\u011flayan \u00f6nemli aksamlard\u0131r. Bu makaralar sayesinde kap\u0131lar hem hafif bir \u015fekilde kayar hem de uzun \u00f6m\u00fcrl\u00fc kullan\u0131m sa\u011flan\u0131r.<\/p><h3 data-start=\"398\" data-end=\"430\"><strong data-start=\"402\" data-end=\"428\">\u00d6ne \u00c7\u0131kan \u00d6zellikleri:<\/strong><\/h3><ul data-start=\"431\" data-end=\"765\"><li data-start=\"431\" data-end=\"517\"><p data-start=\"433\" data-end=\"517\"><strong data-start=\"433\" data-end=\"452\">Sessiz \u00c7al\u0131\u015fma:<\/strong> \u00d6zel tasar\u0131m\u0131 sayesinde a\u00e7ma-kapama s\u0131ras\u0131nda g\u00fcr\u00fclt\u00fc olu\u015fmaz.<\/p><\/li><li data-start=\"518\" data-end=\"594\"><p data-start=\"520\" data-end=\"594\"><strong data-start=\"520\" data-end=\"537\">Dayan\u0131kl\u0131l\u0131k:<\/strong> Yo\u011fun kullan\u0131ma uygun, sa\u011flam malzemeden \u00fcretilmi\u015ftir.<\/p><\/li><li data-start=\"595\" data-end=\"670\"><p data-start=\"597\" data-end=\"670\"><strong data-start=\"597\" data-end=\"616\">Kolay Kullan\u0131m:<\/strong> Kap\u0131n\u0131n ray \u00fczerinde rahat hareket etmesini sa\u011flar.<\/p><\/li><li data-start=\"671\" data-end=\"765\"><p data-start=\"673\" data-end=\"765\"><strong data-start=\"673\" data-end=\"687\">Uzun \u00d6m\u00fcr:<\/strong> A\u015f\u0131nmaya ve y\u0131pranmaya kar\u015f\u0131 dayan\u0131kl\u0131 yap\u0131s\u0131 ile uzun s\u00fcre kullan\u0131labilir.<\/p><\/li><\/ul><h3 data-start=\"767\" data-end=\"795\"><strong data-start=\"771\" data-end=\"793\">Kullan\u0131m Alanlar\u0131:<\/strong><\/h3><ul data-start=\"796\" data-end=\"911\"><li data-start=\"796\" data-end=\"821\"><p data-start=\"798\" data-end=\"821\">Rayl\u0131 kap\u0131 sistemleri<\/p><\/li><li data-start=\"822\" data-end=\"841\"><p data-start=\"824\" data-end=\"841\">S\u00fcrg\u00fcl\u00fc kap\u0131lar<\/p><\/li><li data-start=\"842\" data-end=\"869\"><p data-start=\"844\" data-end=\"869\">Bah\u00e7e ve garaj kap\u0131lar\u0131<\/p><\/li><li data-start=\"870\" data-end=\"911\"><p data-start=\"872\" data-end=\"911\">End\u00fcstriyel alanlardaki geni\u015f kap\u0131lar<\/p><\/li><\/ul>\n\t\t\t\t\t<\/div>\n\t\t\t\t\t\t<\/div>\n\t\t\t\t<\/div>\n\t\t\t\t\t<\/div>\n\t\t<\/div>\n\t\t\t\t\t<\/div>\n\t\t<\/section>\n\t\t\t\t\t<\/div>\n\t\t<\/div>\n\t\t\t\t<div class=\"elementor-column elementor-col-50 elementor-top-column elementor-element elementor-element-40003067\" data-id=\"40003067\" data-element_type=\"column\">\n\t\t\t<div class=\"elementor-widget-wrap elementor-element-populated\">\n\t\t\t\t\t\t<div class=\"elementor-element elementor-element-4828b6fe elementor-widget elementor-widget-wd_image_or_svg\" data-id=\"4828b6fe\" data-element_type=\"widget\" data-widget_type=\"wd_image_or_svg.default\">\n\t\t\t\t<div class=\"elementor-widget-container\">\n\t\t\t\t\t\n\t\t<div class=\"wd-image text-center\">\n\t\t\t\t\t\t\t\t<img fetchpriority=\"high\" decoding=\"async\" width=\"580\" height=\"500\" src=\"https:\/\/karmetsanmetal.com\/wp-content\/uploads\/2025\/08\/Adsiz-tasarim-2025-08-29T123053.447.png\" class=\"attachment-full size-full\" alt=\"\" srcset=\"https:\/\/karmetsanmetal.com\/wp-content\/uploads\/2025\/08\/Adsiz-tasarim-2025-08-29T123053.447.png 580w, https:\/\/karmetsanmetal.com\/wp-content\/uploads\/2025\/08\/Adsiz-tasarim-2025-08-29T123053.447-348x300.png 348w, https:\/\/karmetsanmetal.com\/wp-content\/uploads\/2025\/08\/Adsiz-tasarim-2025-08-29T123053.447-430x371.png 430w, https:\/\/karmetsanmetal.com\/wp-content\/uploads\/2025\/08\/Adsiz-tasarim-2025-08-29T123053.447-150x129.png 150w\" sizes=\"(max-width: 580px) 100vw, 580px\" \/>\t\t\t\t\t<\/div>\n\n\t\t\t\t\t\t<\/div>\n\t\t\t\t<\/div>\n\t\t\t\t\t<\/div>\n\t\t<\/div>\n\t\t\t\t\t<\/div>\n\t\t<\/section>\n\t\t\t\t<\/div>\n\t\t","protected":false},"excerpt":{"rendered":"<p>U\u00e7an Kap\u0131 Makaralar\u0131 U\u00e7an kap\u0131 makaralar\u0131, \u00f6zellikle s\u00fcrg\u00fcl\u00fc ve rayl\u0131 kap\u0131 sistemlerinde kullan\u0131lan, kap\u0131lar\u0131n sessiz, dengeli ve sorunsuz \u015fekilde hareket<\/p>\n","protected":false},"author":1,"featured_media":0,"parent":0,"menu_order":0,"comment_status":"closed","ping_status":"closed","template":"","meta":{"footnotes":""},"class_list":["post-27185","page","type-page","status-publish","hentry"],"_links":{"self":[{"href":"https:\/\/karmetsanmetal.com\/index.php\/wp-json\/wp\/v2\/pages\/27185","targetHints":{"allow":["GET"]}}],"collection":[{"href":"https:\/\/karmetsanmetal.com\/index.php\/wp-json\/wp\/v2\/pages"}],"about":[{"href":"https:\/\/karmetsanmetal.com\/index.php\/wp-json\/wp\/v2\/types\/page"}],"author":[{"embeddable":true,"href":"https:\/\/karmetsanmetal.com\/index.php\/wp-json\/wp\/v2\/users\/1"}],"replies":[{"embeddable":true,"href":"https:\/\/karmetsanmetal.com\/index.php\/wp-json\/wp\/v2\/comments?post=27185"}],"version-history":[{"count":4,"href":"https:\/\/karmetsanmetal.com\/index.php\/wp-json\/wp\/v2\/pages\/27185\/revisions"}],"predecessor-version":[{"id":27190,"href":"https:\/\/karmetsanmetal.com\/index.php\/wp-json\/wp\/v2\/pages\/27185\/revisions\/27190"}],"wp:attachment":[{"href":"https:\/\/karmetsanmetal.com\/index.php\/wp-json\/wp\/v2\/media?parent=27185"}],"curies":[{"name":"wp","href":"https:\/\/api.w.org\/{rel}","templated":true}]}}