{"id":27191,"date":"2025-08-29T09:34:02","date_gmt":"2025-08-29T09:34:02","guid":{"rendered":"https:\/\/karmetsanmetal.com\/?page_id=27191"},"modified":"2025-08-29T09:35:17","modified_gmt":"2025-08-29T09:35:17","slug":"yaprak-mentese","status":"publish","type":"page","link":"https:\/\/karmetsanmetal.com\/index.php\/yaprak-mentese\/","title":{"rendered":"Yaprak Mente\u015fe"},"content":{"rendered":"\t\t<div data-elementor-type=\"wp-page\" data-elementor-id=\"27191\" class=\"elementor elementor-27191\">\n\t\t\t\t\t\t<section class=\"wd-negative-gap elementor-section elementor-top-section elementor-element elementor-element-4b35ca56 wd-section-stretch elementor-section-content-middle elementor-section-boxed elementor-section-height-default elementor-section-height-default\" data-id=\"4b35ca56\" data-element_type=\"section\" data-settings=\"{&quot;background_background&quot;:&quot;classic&quot;}\">\n\t\t\t\t\t\t\t<div class=\"elementor-background-overlay\"><\/div>\n\t\t\t\t\t\t\t<div class=\"elementor-container elementor-column-gap-no\">\n\t\t\t\t\t<div class=\"elementor-column elementor-col-50 elementor-top-column elementor-element elementor-element-2194e173\" data-id=\"2194e173\" data-element_type=\"column\" data-settings=\"{&quot;background_background&quot;:&quot;classic&quot;}\">\n\t\t\t<div class=\"elementor-widget-wrap elementor-element-populated\">\n\t\t\t\t\t\t<section class=\"wd-negative-gap elementor-section elementor-inner-section elementor-element elementor-element-564367ea elementor-section-boxed elementor-section-height-default elementor-section-height-default\" data-id=\"564367ea\" data-element_type=\"section\" data-settings=\"{&quot;background_background&quot;:&quot;classic&quot;}\">\n\t\t\t\t\t\t<div class=\"elementor-container elementor-column-gap-default\">\n\t\t\t\t\t<div class=\"elementor-column elementor-col-100 elementor-inner-column elementor-element elementor-element-442a77e0\" data-id=\"442a77e0\" data-element_type=\"column\">\n\t\t\t<div class=\"elementor-widget-wrap elementor-element-populated\">\n\t\t\t\t\t\t<div class=\"elementor-element elementor-element-87562fd wd-width-100 elementor-widget elementor-widget-wd_title\" data-id=\"87562fd\" data-element_type=\"widget\" data-widget_type=\"wd_title.default\">\n\t\t\t\t<div class=\"elementor-widget-container\">\n\t\t\t\t\t\t\t<div class=\"title-wrapper set-mb-s reset-last-child wd-title-color-default wd-title-style-default wd-title-size-default text-left\">\n\n\t\t\t\n\t\t\t<div class=\"liner-continer\">\n\t\t\t\t<h4 class=\"woodmart-title-container title wd-fontsize-l\">Yaprak Mente\u015fe<\/h4> \n\t\t\t\t\t\t\t<\/div>\n\n\t\t\t\t\t<\/div>\n\t\t\t\t\t\t<\/div>\n\t\t\t\t<\/div>\n\t\t\t\t<div class=\"elementor-element elementor-element-444fb769 elementor-widget elementor-widget-wd_text_block\" data-id=\"444fb769\" data-element_type=\"widget\" data-widget_type=\"wd_text_block.default\">\n\t\t\t\t<div class=\"elementor-widget-container\">\n\t\t\t\t\t\t\t<div class=\"wd-text-block reset-last-child text-left\">\n\t\t\t\n\t\t\t<p data-start=\"127\" data-end=\"380\">Yaprak mente\u015fe, iki y\u00fczeyi birbirine ba\u011flamak ve kontroll\u00fc hareket sa\u011flamak i\u00e7in kullan\u0131lan en yayg\u0131n mente\u015fe t\u00fcrlerinden biridir. \u0130ki kanatl\u0131 yap\u0131s\u0131 sayesinde kap\u0131, pencere, dolap kapa\u011f\u0131 ve \u00e7e\u015fitli mobilyalarda <strong data-start=\"339\" data-end=\"363\">a\u00e7ma-kapama i\u015flevini<\/strong> kolayla\u015ft\u0131r\u0131r.<\/p><h3 data-start=\"382\" data-end=\"404\"><strong data-start=\"386\" data-end=\"402\">\u00d6zellikleri:<\/strong><\/h3><ul data-start=\"405\" data-end=\"725\"><li data-start=\"405\" data-end=\"498\"><p data-start=\"407\" data-end=\"498\"><strong data-start=\"407\" data-end=\"426\">Dayan\u0131kl\u0131 Yap\u0131:<\/strong> Metal veya paslanmaz \u00e7elikten \u00fcretilerek uzun \u00f6m\u00fcrl\u00fc kullan\u0131m sa\u011flar.<\/p><\/li><li data-start=\"499\" data-end=\"562\"><p data-start=\"501\" data-end=\"562\"><strong data-start=\"501\" data-end=\"518\">Kolay Montaj:<\/strong> D\u00fcz tasar\u0131m\u0131 sayesinde montaj\u0131 pratiktir.<\/p><\/li><li data-start=\"563\" data-end=\"646\"><p data-start=\"565\" data-end=\"646\"><strong data-start=\"565\" data-end=\"590\">Geni\u015f Kullan\u0131m Alan\u0131:<\/strong> Ah\u015fap, PVC, metal kap\u0131 ve mobilyalarda tercih edilir.<\/p><\/li><li data-start=\"647\" data-end=\"725\"><p data-start=\"649\" data-end=\"725\"><strong data-start=\"649\" data-end=\"670\">\u00c7e\u015fitli Boyutlar:<\/strong> \u0130htiyaca g\u00f6re farkl\u0131 \u00f6l\u00e7\u00fc ve kal\u0131nl\u0131klarda \u00fcretilir.<\/p><\/li><\/ul><h3 data-start=\"727\" data-end=\"755\"><strong data-start=\"731\" data-end=\"753\">Kullan\u0131m Alanlar\u0131:<\/strong><\/h3><ul data-start=\"756\" data-end=\"883\"><li data-start=\"756\" data-end=\"789\"><p data-start=\"758\" data-end=\"789\">Kap\u0131 ve pencere sistemlerinde<\/p><\/li><li data-start=\"790\" data-end=\"814\"><p data-start=\"792\" data-end=\"814\">Mobilya kapaklar\u0131nda<\/p><\/li><li data-start=\"815\" data-end=\"852\"><p data-start=\"817\" data-end=\"852\">Ah\u015fap ve metal konstr\u00fcksiyonlarda<\/p><\/li><li data-start=\"853\" data-end=\"883\"><p data-start=\"855\" data-end=\"883\">Dolap ve kutu kapaklar\u0131nda<\/p><\/li><\/ul>\n\t\t\t\t\t<\/div>\n\t\t\t\t\t\t<\/div>\n\t\t\t\t<\/div>\n\t\t\t\t\t<\/div>\n\t\t<\/div>\n\t\t\t\t\t<\/div>\n\t\t<\/section>\n\t\t\t\t\t<\/div>\n\t\t<\/div>\n\t\t\t\t<div class=\"elementor-column elementor-col-50 elementor-top-column elementor-element elementor-element-20b9b455\" data-id=\"20b9b455\" data-element_type=\"column\">\n\t\t\t<div class=\"elementor-widget-wrap elementor-element-populated\">\n\t\t\t\t\t\t<div class=\"elementor-element elementor-element-626a795 elementor-widget elementor-widget-wd_image_or_svg\" data-id=\"626a795\" data-element_type=\"widget\" data-widget_type=\"wd_image_or_svg.default\">\n\t\t\t\t<div class=\"elementor-widget-container\">\n\t\t\t\t\t\n\t\t<div class=\"wd-image text-center\">\n\t\t\t\t\t\t\t\t<img fetchpriority=\"high\" decoding=\"async\" width=\"580\" height=\"500\" src=\"https:\/\/karmetsanmetal.com\/wp-content\/uploads\/2025\/08\/Adsiz-tasarim-2025-08-29T123354.001.png\" class=\"attachment-full size-full\" alt=\"\" srcset=\"https:\/\/karmetsanmetal.com\/wp-content\/uploads\/2025\/08\/Adsiz-tasarim-2025-08-29T123354.001.png 580w, https:\/\/karmetsanmetal.com\/wp-content\/uploads\/2025\/08\/Adsiz-tasarim-2025-08-29T123354.001-348x300.png 348w, https:\/\/karmetsanmetal.com\/wp-content\/uploads\/2025\/08\/Adsiz-tasarim-2025-08-29T123354.001-430x371.png 430w, https:\/\/karmetsanmetal.com\/wp-content\/uploads\/2025\/08\/Adsiz-tasarim-2025-08-29T123354.001-150x129.png 150w\" sizes=\"(max-width: 580px) 100vw, 580px\" \/>\t\t\t\t\t<\/div>\n\n\t\t\t\t\t\t<\/div>\n\t\t\t\t<\/div>\n\t\t\t\t\t<\/div>\n\t\t<\/div>\n\t\t\t\t\t<\/div>\n\t\t<\/section>\n\t\t\t\t<\/div>\n\t\t","protected":false},"excerpt":{"rendered":"<p>Yaprak Mente\u015fe Yaprak mente\u015fe, iki y\u00fczeyi birbirine ba\u011flamak ve kontroll\u00fc hareket sa\u011flamak i\u00e7in kullan\u0131lan en yayg\u0131n mente\u015fe t\u00fcrlerinden biridir. \u0130ki<\/p>\n","protected":false},"author":1,"featured_media":0,"parent":0,"menu_order":0,"comment_status":"closed","ping_status":"closed","template":"","meta":{"footnotes":""},"class_list":["post-27191","page","type-page","status-publish","hentry"],"_links":{"self":[{"href":"https:\/\/karmetsanmetal.com\/index.php\/wp-json\/wp\/v2\/pages\/27191","targetHints":{"allow":["GET"]}}],"collection":[{"href":"https:\/\/karmetsanmetal.com\/index.php\/wp-json\/wp\/v2\/pages"}],"about":[{"href":"https:\/\/karmetsanmetal.com\/index.php\/wp-json\/wp\/v2\/types\/page"}],"author":[{"embeddable":true,"href":"https:\/\/karmetsanmetal.com\/index.php\/wp-json\/wp\/v2\/users\/1"}],"replies":[{"embeddable":true,"href":"https:\/\/karmetsanmetal.com\/index.php\/wp-json\/wp\/v2\/comments?post=27191"}],"version-history":[{"count":4,"href":"https:\/\/karmetsanmetal.com\/index.php\/wp-json\/wp\/v2\/pages\/27191\/revisions"}],"predecessor-version":[{"id":27196,"href":"https:\/\/karmetsanmetal.com\/index.php\/wp-json\/wp\/v2\/pages\/27191\/revisions\/27196"}],"wp:attachment":[{"href":"https:\/\/karmetsanmetal.com\/index.php\/wp-json\/wp\/v2\/media?parent=27191"}],"curies":[{"name":"wp","href":"https:\/\/api.w.org\/{rel}","templated":true}]}}