{"id":27197,"date":"2025-08-29T09:36:38","date_gmt":"2025-08-29T09:36:38","guid":{"rendered":"https:\/\/karmetsanmetal.com\/?page_id=27197"},"modified":"2025-08-29T09:38:26","modified_gmt":"2025-08-29T09:38:26","slug":"kasa-babasi","status":"publish","type":"page","link":"https:\/\/karmetsanmetal.com\/index.php\/kasa-babasi\/","title":{"rendered":"Kasa Babas\u0131"},"content":{"rendered":"\t\t<div data-elementor-type=\"wp-page\" data-elementor-id=\"27197\" class=\"elementor elementor-27197\">\n\t\t\t\t\t\t<section class=\"wd-negative-gap elementor-section elementor-top-section elementor-element elementor-element-fe71ff0 wd-section-stretch elementor-section-content-middle elementor-section-boxed elementor-section-height-default elementor-section-height-default\" data-id=\"fe71ff0\" data-element_type=\"section\" data-settings=\"{&quot;background_background&quot;:&quot;classic&quot;}\">\n\t\t\t\t\t\t\t<div class=\"elementor-background-overlay\"><\/div>\n\t\t\t\t\t\t\t<div class=\"elementor-container elementor-column-gap-no\">\n\t\t\t\t\t<div class=\"elementor-column elementor-col-50 elementor-top-column elementor-element elementor-element-16a9adb6\" data-id=\"16a9adb6\" data-element_type=\"column\" data-settings=\"{&quot;background_background&quot;:&quot;classic&quot;}\">\n\t\t\t<div class=\"elementor-widget-wrap elementor-element-populated\">\n\t\t\t\t\t\t<section class=\"wd-negative-gap elementor-section elementor-inner-section elementor-element elementor-element-71211cb4 elementor-section-boxed elementor-section-height-default elementor-section-height-default\" data-id=\"71211cb4\" data-element_type=\"section\" data-settings=\"{&quot;background_background&quot;:&quot;classic&quot;}\">\n\t\t\t\t\t\t<div class=\"elementor-container elementor-column-gap-default\">\n\t\t\t\t\t<div class=\"elementor-column elementor-col-100 elementor-inner-column elementor-element elementor-element-69868eb1\" data-id=\"69868eb1\" data-element_type=\"column\">\n\t\t\t<div class=\"elementor-widget-wrap elementor-element-populated\">\n\t\t\t\t\t\t<div class=\"elementor-element elementor-element-1809cc8d wd-width-100 elementor-widget elementor-widget-wd_title\" data-id=\"1809cc8d\" data-element_type=\"widget\" data-widget_type=\"wd_title.default\">\n\t\t\t\t<div class=\"elementor-widget-container\">\n\t\t\t\t\t\t\t<div class=\"title-wrapper set-mb-s reset-last-child wd-title-color-default wd-title-style-default wd-title-size-default text-left\">\n\n\t\t\t\n\t\t\t<div class=\"liner-continer\">\n\t\t\t\t<h4 class=\"woodmart-title-container title wd-fontsize-l\">Kasa Babas\u0131<\/h4> \n\t\t\t\t\t\t\t<\/div>\n\n\t\t\t\t\t<\/div>\n\t\t\t\t\t\t<\/div>\n\t\t\t\t<\/div>\n\t\t\t\t<div class=\"elementor-element elementor-element-d591aad elementor-widget elementor-widget-wd_text_block\" data-id=\"d591aad\" data-element_type=\"widget\" data-widget_type=\"wd_text_block.default\">\n\t\t\t\t<div class=\"elementor-widget-container\">\n\t\t\t\t\t\t\t<div class=\"wd-text-block reset-last-child text-left\">\n\t\t\t\n\t\t\t<p data-start=\"104\" data-end=\"357\">Kasa babas\u0131, \u00f6zellikle <strong data-start=\"127\" data-end=\"160\">kap\u0131 ve pencere sistemlerinde<\/strong> kullan\u0131lan, mente\u015fe ve s\u00fcrg\u00fc aksamlar\u0131n\u0131n sabitlenmesini sa\u011flayan \u00f6nemli bir ba\u011flant\u0131 par\u00e7as\u0131d\u0131r. Kap\u0131 kanad\u0131 ile kasa aras\u0131ndaki uyumu olu\u015fturur ve mekanizman\u0131n do\u011fru \u00e7al\u0131\u015fmas\u0131na yard\u0131mc\u0131 olur.<\/p><h3 data-start=\"359\" data-end=\"381\"><strong data-start=\"363\" data-end=\"379\">\u00d6zellikleri:<\/strong><\/h3><ul data-start=\"382\" data-end=\"717\"><li data-start=\"382\" data-end=\"465\"><p data-start=\"384\" data-end=\"465\"><strong data-start=\"384\" data-end=\"406\">Dayan\u0131kl\u0131 Malzeme:<\/strong> Genellikle \u00e7elik veya metalden \u00fcretilir, uzun \u00f6m\u00fcrl\u00fcd\u00fcr.<\/p><\/li><li data-start=\"466\" data-end=\"565\"><p data-start=\"468\" data-end=\"565\"><strong data-start=\"468\" data-end=\"490\">G\u00fcvenli Sabitleme:<\/strong> Kap\u0131 ve pencere sistemlerinde mente\u015fe ba\u011flant\u0131s\u0131n\u0131 sa\u011flam \u015fekilde tutar.<\/p><\/li><li data-start=\"566\" data-end=\"632\"><p data-start=\"568\" data-end=\"632\"><strong data-start=\"568\" data-end=\"585\">Kolay Montaj:<\/strong> Pratik yap\u0131s\u0131 sayesinde uygulamas\u0131 kolayd\u0131r.<\/p><\/li><li data-start=\"633\" data-end=\"717\"><p data-start=\"635\" data-end=\"717\"><strong data-start=\"635\" data-end=\"654\">Uyumlu Tasar\u0131m:<\/strong> Farkl\u0131 kap\u0131 ve pencere modellerine uygun \u00f6l\u00e7\u00fclerde \u00fcretilir.<\/p><\/li><\/ul><h3 data-start=\"719\" data-end=\"747\"><strong data-start=\"723\" data-end=\"745\">Kullan\u0131m Alanlar\u0131:<\/strong><\/h3><ul data-start=\"748\" data-end=\"851\"><li data-start=\"748\" data-end=\"765\"><p data-start=\"750\" data-end=\"765\">\u00c7elik kap\u0131lar<\/p><\/li><li data-start=\"766\" data-end=\"783\"><p data-start=\"768\" data-end=\"783\">Ah\u015fap kap\u0131lar<\/p><\/li><li data-start=\"784\" data-end=\"819\"><p data-start=\"786\" data-end=\"819\">PVC ve metal do\u011frama sistemleri<\/p><\/li><li data-start=\"820\" data-end=\"851\"><p data-start=\"822\" data-end=\"851\">Pencere ve s\u00fcrme sistemleri<\/p><\/li><\/ul>\n\t\t\t\t\t<\/div>\n\t\t\t\t\t\t<\/div>\n\t\t\t\t<\/div>\n\t\t\t\t\t<\/div>\n\t\t<\/div>\n\t\t\t\t\t<\/div>\n\t\t<\/section>\n\t\t\t\t\t<\/div>\n\t\t<\/div>\n\t\t\t\t<div class=\"elementor-column elementor-col-50 elementor-top-column elementor-element elementor-element-16a7440c\" data-id=\"16a7440c\" data-element_type=\"column\">\n\t\t\t<div class=\"elementor-widget-wrap elementor-element-populated\">\n\t\t\t\t\t\t<div class=\"elementor-element elementor-element-6525cbec elementor-widget elementor-widget-wd_image_or_svg\" data-id=\"6525cbec\" data-element_type=\"widget\" data-widget_type=\"wd_image_or_svg.default\">\n\t\t\t\t<div class=\"elementor-widget-container\">\n\t\t\t\t\t\n\t\t<div class=\"wd-image text-center\">\n\t\t\t\t\t\t\t\t<img fetchpriority=\"high\" decoding=\"async\" width=\"580\" height=\"500\" src=\"https:\/\/karmetsanmetal.com\/wp-content\/uploads\/2025\/08\/Adsiz-tasarim-2025-08-29T123631.973.png\" class=\"attachment-full size-full\" alt=\"\" srcset=\"https:\/\/karmetsanmetal.com\/wp-content\/uploads\/2025\/08\/Adsiz-tasarim-2025-08-29T123631.973.png 580w, https:\/\/karmetsanmetal.com\/wp-content\/uploads\/2025\/08\/Adsiz-tasarim-2025-08-29T123631.973-348x300.png 348w, https:\/\/karmetsanmetal.com\/wp-content\/uploads\/2025\/08\/Adsiz-tasarim-2025-08-29T123631.973-430x371.png 430w, https:\/\/karmetsanmetal.com\/wp-content\/uploads\/2025\/08\/Adsiz-tasarim-2025-08-29T123631.973-150x129.png 150w\" sizes=\"(max-width: 580px) 100vw, 580px\" \/>\t\t\t\t\t<\/div>\n\n\t\t\t\t\t\t<\/div>\n\t\t\t\t<\/div>\n\t\t\t\t\t<\/div>\n\t\t<\/div>\n\t\t\t\t\t<\/div>\n\t\t<\/section>\n\t\t\t\t<\/div>\n\t\t","protected":false},"excerpt":{"rendered":"<p>Kasa Babas\u0131 Kasa babas\u0131, \u00f6zellikle kap\u0131 ve pencere sistemlerinde kullan\u0131lan, mente\u015fe ve s\u00fcrg\u00fc aksamlar\u0131n\u0131n sabitlenmesini sa\u011flayan \u00f6nemli bir ba\u011flant\u0131 par\u00e7as\u0131d\u0131r.<\/p>\n","protected":false},"author":1,"featured_media":0,"parent":0,"menu_order":0,"comment_status":"closed","ping_status":"closed","template":"","meta":{"footnotes":""},"class_list":["post-27197","page","type-page","status-publish","hentry"],"_links":{"self":[{"href":"https:\/\/karmetsanmetal.com\/index.php\/wp-json\/wp\/v2\/pages\/27197","targetHints":{"allow":["GET"]}}],"collection":[{"href":"https:\/\/karmetsanmetal.com\/index.php\/wp-json\/wp\/v2\/pages"}],"about":[{"href":"https:\/\/karmetsanmetal.com\/index.php\/wp-json\/wp\/v2\/types\/page"}],"author":[{"embeddable":true,"href":"https:\/\/karmetsanmetal.com\/index.php\/wp-json\/wp\/v2\/users\/1"}],"replies":[{"embeddable":true,"href":"https:\/\/karmetsanmetal.com\/index.php\/wp-json\/wp\/v2\/comments?post=27197"}],"version-history":[{"count":4,"href":"https:\/\/karmetsanmetal.com\/index.php\/wp-json\/wp\/v2\/pages\/27197\/revisions"}],"predecessor-version":[{"id":27202,"href":"https:\/\/karmetsanmetal.com\/index.php\/wp-json\/wp\/v2\/pages\/27197\/revisions\/27202"}],"wp:attachment":[{"href":"https:\/\/karmetsanmetal.com\/index.php\/wp-json\/wp\/v2\/media?parent=27197"}],"curies":[{"name":"wp","href":"https:\/\/api.w.org\/{rel}","templated":true}]}}