{"id":27214,"date":"2025-09-01T09:52:43","date_gmt":"2025-09-01T09:52:43","guid":{"rendered":"https:\/\/karmetsanmetal.com\/?page_id=27214"},"modified":"2025-09-01T09:58:47","modified_gmt":"2025-09-01T09:58:47","slug":"lazer-kesim-kapi-modelleri","status":"publish","type":"page","link":"https:\/\/karmetsanmetal.com\/index.php\/lazer-kesim-kapi-modelleri\/","title":{"rendered":"Lazer Kesim Kap\u0131 Modelleri"},"content":{"rendered":"\t\t<div data-elementor-type=\"wp-page\" data-elementor-id=\"27214\" class=\"elementor elementor-27214\">\n\t\t\t\t\t\t<section class=\"wd-negative-gap elementor-section elementor-top-section elementor-element elementor-element-18e78ec5 wd-section-stretch elementor-section-content-middle elementor-section-boxed elementor-section-height-default elementor-section-height-default\" data-id=\"18e78ec5\" data-element_type=\"section\" data-settings=\"{&quot;background_background&quot;:&quot;classic&quot;}\">\n\t\t\t\t\t\t\t<div class=\"elementor-background-overlay\"><\/div>\n\t\t\t\t\t\t\t<div class=\"elementor-container elementor-column-gap-no\">\n\t\t\t\t\t<div class=\"elementor-column elementor-col-50 elementor-top-column elementor-element elementor-element-12ded9cb\" data-id=\"12ded9cb\" data-element_type=\"column\" data-settings=\"{&quot;background_background&quot;:&quot;classic&quot;}\">\n\t\t\t<div class=\"elementor-widget-wrap elementor-element-populated\">\n\t\t\t\t\t\t<section class=\"wd-negative-gap elementor-section elementor-inner-section elementor-element elementor-element-2b2c0a0 elementor-section-boxed elementor-section-height-default elementor-section-height-default\" data-id=\"2b2c0a0\" data-element_type=\"section\" data-settings=\"{&quot;background_background&quot;:&quot;classic&quot;}\">\n\t\t\t\t\t\t<div class=\"elementor-container elementor-column-gap-default\">\n\t\t\t\t\t<div class=\"elementor-column elementor-col-100 elementor-inner-column elementor-element elementor-element-75fe485a\" data-id=\"75fe485a\" data-element_type=\"column\">\n\t\t\t<div class=\"elementor-widget-wrap elementor-element-populated\">\n\t\t\t\t\t\t<div class=\"elementor-element elementor-element-9a2a5a4 wd-width-100 elementor-widget elementor-widget-wd_title\" data-id=\"9a2a5a4\" data-element_type=\"widget\" data-widget_type=\"wd_title.default\">\n\t\t\t\t<div class=\"elementor-widget-container\">\n\t\t\t\t\t\t\t<div class=\"title-wrapper set-mb-s reset-last-child wd-title-color-default wd-title-style-default wd-title-size-default text-left\">\n\n\t\t\t\n\t\t\t<div class=\"liner-continer\">\n\t\t\t\t<h4 class=\"woodmart-title-container title wd-fontsize-l\">Lazer Kesim Kap\u0131 Modelleri <\/h4> \n\t\t\t\t\t\t\t<\/div>\n\n\t\t\t\t\t<\/div>\n\t\t\t\t\t\t<\/div>\n\t\t\t\t<\/div>\n\t\t\t\t<div class=\"elementor-element elementor-element-1d20735e elementor-widget elementor-widget-wd_text_block\" data-id=\"1d20735e\" data-element_type=\"widget\" data-widget_type=\"wd_text_block.default\">\n\t\t\t\t<div class=\"elementor-widget-container\">\n\t\t\t\t\t\t\t<div class=\"wd-text-block reset-last-child text-left\">\n\t\t\t\n\t\t\t<p data-start=\"112\" data-end=\"394\">Lazer kesim teknolojisi ile \u00fcretilen kap\u0131lar, estetik g\u00f6r\u00fcn\u00fcm ve modern tasar\u0131m\u0131 bir araya getiren \u00f6zel kap\u0131 modelleridir. Y\u00fcksek hassasiyetle yap\u0131lan kesimler sayesinde, kap\u0131lar \u00fczerinde <strong data-start=\"300\" data-end=\"366\">sanatsal desenler, geometrik formlar ve ki\u015fiye \u00f6zel tasar\u0131mlar<\/strong> kolayl\u0131kla uygulanabilir.<\/p><h3 data-start=\"396\" data-end=\"427\"><strong data-start=\"400\" data-end=\"425\">\u00d6ne \u00c7\u0131kan \u00d6zellikler:<\/strong><\/h3><ul data-start=\"428\" data-end=\"753\"><li data-start=\"428\" data-end=\"511\"><p data-start=\"430\" data-end=\"511\"><strong data-start=\"430\" data-end=\"450\">Estetik Tasar\u0131m:<\/strong> Lazer kesim sayesinde \u00f6zg\u00fcn ve \u015f\u0131k g\u00f6r\u00fcn\u00fcmler elde edilir.<\/p><\/li><li data-start=\"512\" data-end=\"598\"><p data-start=\"514\" data-end=\"598\"><strong data-start=\"514\" data-end=\"536\">Ki\u015fiye \u00d6zel Desen:<\/strong> \u0130stenilen motif, yaz\u0131 veya fig\u00fcr kap\u0131 y\u00fczeyine i\u015flenebilir.<\/p><\/li><li data-start=\"599\" data-end=\"681\"><p data-start=\"601\" data-end=\"681\"><strong data-start=\"601\" data-end=\"618\">Dayan\u0131kl\u0131l\u0131k:<\/strong> \u00c7elik, metal ve ah\u015fap y\u00fczeylerde uzun \u00f6m\u00fcrl\u00fc kullan\u0131m sunar.<\/p><\/li><li data-start=\"682\" data-end=\"753\"><p data-start=\"684\" data-end=\"753\"><strong data-start=\"684\" data-end=\"704\">Modern \u00c7izgiler:<\/strong> Hem klasik hem de \u00e7a\u011fda\u015f mimariye uyum sa\u011flar.<\/p><\/li><\/ul><h3 data-start=\"755\" data-end=\"783\"><strong data-start=\"759\" data-end=\"781\">Kullan\u0131m Alanlar\u0131:<\/strong><\/h3><ul data-start=\"784\" data-end=\"906\"><li data-start=\"784\" data-end=\"817\"><p data-start=\"786\" data-end=\"817\">Villa ve konut giri\u015f kap\u0131lar\u0131<\/p><\/li><li data-start=\"818\" data-end=\"843\"><p data-start=\"820\" data-end=\"843\">\u0130\u00e7 mekan oda kap\u0131lar\u0131<\/p><\/li><li data-start=\"844\" data-end=\"873\"><p data-start=\"846\" data-end=\"873\">Ofis ve i\u015f yeri giri\u015fleri<\/p><\/li><li data-start=\"874\" data-end=\"906\"><p data-start=\"876\" data-end=\"906\">Bah\u00e7e ve bina giri\u015f kap\u0131lar\u0131<\/p><\/li><\/ul>\n\t\t\t\t\t<\/div>\n\t\t\t\t\t\t<\/div>\n\t\t\t\t<\/div>\n\t\t\t\t\t<\/div>\n\t\t<\/div>\n\t\t\t\t\t<\/div>\n\t\t<\/section>\n\t\t\t\t\t<\/div>\n\t\t<\/div>\n\t\t\t\t<div class=\"elementor-column elementor-col-50 elementor-top-column elementor-element elementor-element-79a528e6\" data-id=\"79a528e6\" data-element_type=\"column\">\n\t\t\t<div class=\"elementor-widget-wrap elementor-element-populated\">\n\t\t\t\t\t\t<div class=\"elementor-element elementor-element-38759897 elementor-widget elementor-widget-wd_image_or_svg\" data-id=\"38759897\" data-element_type=\"widget\" data-widget_type=\"wd_image_or_svg.default\">\n\t\t\t\t<div class=\"elementor-widget-container\">\n\t\t\t\t\t\n\t\t<div class=\"wd-image text-center\">\n\t\t\t\t\t\t\t\t<img fetchpriority=\"high\" decoding=\"async\" width=\"580\" height=\"500\" src=\"https:\/\/karmetsanmetal.com\/wp-content\/uploads\/2025\/09\/Adsiz-tasarim-2025-09-01T125608.795.png\" class=\"attachment-full size-full\" alt=\"\" srcset=\"https:\/\/karmetsanmetal.com\/wp-content\/uploads\/2025\/09\/Adsiz-tasarim-2025-09-01T125608.795.png 580w, https:\/\/karmetsanmetal.com\/wp-content\/uploads\/2025\/09\/Adsiz-tasarim-2025-09-01T125608.795-348x300.png 348w, https:\/\/karmetsanmetal.com\/wp-content\/uploads\/2025\/09\/Adsiz-tasarim-2025-09-01T125608.795-430x371.png 430w, https:\/\/karmetsanmetal.com\/wp-content\/uploads\/2025\/09\/Adsiz-tasarim-2025-09-01T125608.795-150x129.png 150w\" sizes=\"(max-width: 580px) 100vw, 580px\" \/>\t\t\t\t\t<\/div>\n\n\t\t\t\t\t\t<\/div>\n\t\t\t\t<\/div>\n\t\t\t\t\t<\/div>\n\t\t<\/div>\n\t\t\t\t\t<\/div>\n\t\t<\/section>\n\t\t\t\t<\/div>\n\t\t","protected":false},"excerpt":{"rendered":"<p>Lazer Kesim Kap\u0131 Modelleri Lazer kesim teknolojisi ile \u00fcretilen kap\u0131lar, estetik g\u00f6r\u00fcn\u00fcm ve modern tasar\u0131m\u0131 bir araya getiren \u00f6zel kap\u0131<\/p>\n","protected":false},"author":1,"featured_media":0,"parent":0,"menu_order":0,"comment_status":"closed","ping_status":"closed","template":"","meta":{"footnotes":""},"class_list":["post-27214","page","type-page","status-publish","hentry"],"_links":{"self":[{"href":"https:\/\/karmetsanmetal.com\/index.php\/wp-json\/wp\/v2\/pages\/27214","targetHints":{"allow":["GET"]}}],"collection":[{"href":"https:\/\/karmetsanmetal.com\/index.php\/wp-json\/wp\/v2\/pages"}],"about":[{"href":"https:\/\/karmetsanmetal.com\/index.php\/wp-json\/wp\/v2\/types\/page"}],"author":[{"embeddable":true,"href":"https:\/\/karmetsanmetal.com\/index.php\/wp-json\/wp\/v2\/users\/1"}],"replies":[{"embeddable":true,"href":"https:\/\/karmetsanmetal.com\/index.php\/wp-json\/wp\/v2\/comments?post=27214"}],"version-history":[{"count":7,"href":"https:\/\/karmetsanmetal.com\/index.php\/wp-json\/wp\/v2\/pages\/27214\/revisions"}],"predecessor-version":[{"id":27223,"href":"https:\/\/karmetsanmetal.com\/index.php\/wp-json\/wp\/v2\/pages\/27214\/revisions\/27223"}],"wp:attachment":[{"href":"https:\/\/karmetsanmetal.com\/index.php\/wp-json\/wp\/v2\/media?parent=27214"}],"curies":[{"name":"wp","href":"https:\/\/api.w.org\/{rel}","templated":true}]}}